                                                                                                                                                                                                                                                                                                                                                                                                                                                                   {"id":395,"date":"2024-03-14T18:03:13","date_gmt":"2024-03-14T18:03:13","guid":{"rendered":"https:\/\/www.aidabueno.com\/?page_id=395"},"modified":"2024-03-14T18:43:43","modified_gmt":"2024-03-14T18:43:43","slug":"conferencias","status":"publish","type":"page","link":"https:\/\/www.aidabueno.com\/?page_id=395","title":{"rendered":"Conferencias"},"content":{"rendered":"\t\t<div data-elementor-type=\"wp-page\" data-elementor-id=\"395\" class=\"elementor elementor-395\" data-elementor-post-type=\"page\">\n\t\t\t\t<div class=\"elementor-element elementor-element-df4ba23 e-flex e-con-boxed e-con e-parent\" data-id=\"df4ba23\" data-element_type=\"container\" data-core-v316-plus=\"true\">\n\t\t\t\t\t<div class=\"e-con-inner\">\n\t\t\t\t<div class=\"elementor-element elementor-element-866c086 elementor-widget elementor-widget-heading\" data-id=\"866c086\" data-element_type=\"widget\" data-widget_type=\"heading.default\">\n\t\t\t\t<div class=\"elementor-widget-container\">\n\t\t\t<style>\/*! elementor - v3.20.0 - 10-04-2024 *\/\n.elementor-heading-title{padding:0;margin:0;line-height:1}.elementor-widget-heading .elementor-heading-title[class*=elementor-size-]>a{color:inherit;font-size:inherit;line-height:inherit}.elementor-widget-heading .elementor-heading-title.elementor-size-small{font-size:15px}.elementor-widget-heading .elementor-heading-title.elementor-size-medium{font-size:19px}.elementor-widget-heading .elementor-heading-title.elementor-size-large{font-size:29px}.elementor-widget-heading .elementor-heading-title.elementor-size-xl{font-size:39px}.elementor-widget-heading .elementor-heading-title.elementor-size-xxl{font-size:59px}<\/style><h2 class=\"elementor-heading-title elementor-size-default\">El poder de tu Determinaci\u00f3n<\/h2>\t\t<\/div>\n\t\t\t\t<\/div>\n\t\t\t\t<div class=\"elementor-element elementor-element-ddd33db elementor-widget elementor-widget-video\" data-id=\"ddd33db\" data-element_type=\"widget\" data-settings=\"{&quot;youtube_url&quot;:&quot;https:\\\/\\\/www.youtube.com\\\/watch?v=K_vMa975jbI&quot;,&quot;yt_privacy&quot;:&quot;yes&quot;,&quot;lazy_load&quot;:&quot;yes&quot;,&quot;video_type&quot;:&quot;youtube&quot;}\" data-widget_type=\"video.default\">\n\t\t\t\t<div class=\"elementor-widget-container\">\n\t\t\t<style>\/*! elementor - v3.20.0 - 10-04-2024 *\/\n.elementor-widget-video .elementor-widget-container{overflow:hidden;transform:translateZ(0)}.elementor-widget-video .elementor-wrapper{aspect-ratio:var(--video-aspect-ratio)}.elementor-widget-video .elementor-wrapper iframe,.elementor-widget-video .elementor-wrapper video{height:100%;width:100%;display:flex;border:none;background-color:#000}@supports not (aspect-ratio:1\/1){.elementor-widget-video .elementor-wrapper{position:relative;overflow:hidden;height:0;padding-bottom:calc(100% \/ var(--video-aspect-ratio))}.elementor-widget-video .elementor-wrapper iframe,.elementor-widget-video .elementor-wrapper video{position:absolute;top:0;right:0;bottom:0;left:0}}.elementor-widget-video .elementor-open-inline .elementor-custom-embed-image-overlay{position:absolute;top:0;right:0;bottom:0;left:0;background-size:cover;background-position:50%}.elementor-widget-video .elementor-custom-embed-image-overlay{cursor:pointer;text-align:center}.elementor-widget-video .elementor-custom-embed-image-overlay:hover .elementor-custom-embed-play i{opacity:1}.elementor-widget-video .elementor-custom-embed-image-overlay img{display:block;width:100%;aspect-ratio:var(--video-aspect-ratio);-o-object-fit:cover;object-fit:cover;-o-object-position:center center;object-position:center center}@supports not (aspect-ratio:1\/1){.elementor-widget-video .elementor-custom-embed-image-overlay{position:relative;overflow:hidden;height:0;padding-bottom:calc(100% \/ var(--video-aspect-ratio))}.elementor-widget-video .elementor-custom-embed-image-overlay img{position:absolute;top:0;right:0;bottom:0;left:0}}.elementor-widget-video .e-hosted-video .elementor-video{-o-object-fit:cover;object-fit:cover}.e-con-inner>.elementor-widget-video,.e-con>.elementor-widget-video{width:var(--container-widget-width);--flex-grow:var(--container-widget-flex-grow)}<\/style>\t\t<div class=\"elementor-wrapper elementor-open-inline\">\n\t\t\t<div class=\"elementor-video\"><\/div>\t\t<\/div>\n\t\t\t\t<\/div>\n\t\t\t\t<\/div>\n\t\t\t\t<div class=\"elementor-element elementor-element-3b70739 elementor-widget elementor-widget-text-editor\" data-id=\"3b70739\" data-element_type=\"widget\" data-widget_type=\"text-editor.default\">\n\t\t\t\t<div class=\"elementor-widget-container\">\n\t\t\t<style>\/*! elementor - v3.20.0 - 10-04-2024 *\/\n.elementor-widget-text-editor.elementor-drop-cap-view-stacked .elementor-drop-cap{background-color:#69727d;color:#fff}.elementor-widget-text-editor.elementor-drop-cap-view-framed .elementor-drop-cap{color:#69727d;border:3px solid;background-color:transparent}.elementor-widget-text-editor:not(.elementor-drop-cap-view-default) .elementor-drop-cap{margin-top:8px}.elementor-widget-text-editor:not(.elementor-drop-cap-view-default) .elementor-drop-cap-letter{width:1em;height:1em}.elementor-widget-text-editor .elementor-drop-cap{float:left;text-align:center;line-height:1;font-size:50px}.elementor-widget-text-editor .elementor-drop-cap-letter{display:inline-block}<\/style>\t\t\t\t<h3>Sumario<\/h3><p>A ti, \u00bfqu\u00e9 te mueve? Yo, como muchas otras personas, no nac\u00ed con el camino labrado, pero desde muy peque\u00f1a me plante\u00e9 que quer\u00eda ser una persona exitosa.<\/p><p>Una decisi\u00f3n me llev\u00f3 a la otra y rompiendo mis propias barreras mentales, comenc\u00e9 a abrirme paso en los negocios. As\u00ed fue como llegu\u00e9 a China, por destino o casualidad, y por alguna de las mismas razones, conoc\u00ed ah\u00ed a una pareja de compatriotas mexicanos que se dedicaban a lo mismo que yo, pero con 27 viajes de experiencia&#8230;<\/p><p>Luego de una pl\u00e1tica enriquecedora, descubro que Polo, aquel se\u00f1or del que estaba tomando apuntes, era ciego de nacimiento, pero, como \u00e9l mismo me dijo, esa condici\u00f3n no determin\u00f3 su vida.<\/p><p>As\u00ed como \u00e9l a m\u00ed, yo te quiero compartir parte de ese fuego que significa la determinaci\u00f3n.\u201cSi no me limito yo, no me limites t\u00fa\u201d, me dec\u00eda. si yo puedo, \u00a1t\u00fa puedes!, esa es la verdadera esencia.<\/p><h3>Temario<\/h3><ul><li>Determinaci\u00f3n como prop\u00f3sito de vida<\/li><li>Humildad y tiempo: hacer preguntas<\/li><li>Vivir de acuerdo a tus circunstancias y no a tus condiciones<\/li><li>\u201cSi no me limito yo, no me limites t\u00fa\u201d<\/li><\/ul>\t\t\t\t\t\t<\/div>\n\t\t\t\t<\/div>\n\t\t\t\t\t<\/div>\n\t\t\t\t<\/div>\n\t\t\t\t<\/div>\n\t\t","protected":false},"excerpt":{"rendered":"<p>El poder de tu Determinaci\u00f3n https:\/\/www.youtube.com\/watch?v=K_vMa975jbI Sumario A ti, \u00bfqu\u00e9 te mueve? Yo, como muchas otras personas, no nac\u00ed con el camino labrado, pero desde muy peque\u00f1a me plante\u00e9 que quer\u00eda ser una persona exitosa. Una decisi\u00f3n me llev\u00f3 a la otra y rompiendo mis propias barreras mentales, comenc\u00e9 a abrirme paso en los negocios. [&hellip;]<\/p>\n","protected":false},"author":1,"featured_media":0,"parent":0,"menu_order":0,"comment_status":"closed","ping_status":"closed","template":"","meta":{"footnotes":""},"_links":{"self":[{"href":"https:\/\/www.aidabueno.com\/index.php?rest_route=\/wp\/v2\/pages\/395"}],"collection":[{"href":"https:\/\/www.aidabueno.com\/index.php?rest_route=\/wp\/v2\/pages"}],"about":[{"href":"https:\/\/www.aidabueno.com\/index.php?rest_route=\/wp\/v2\/types\/page"}],"author":[{"embeddable":true,"href":"https:\/\/www.aidabueno.com\/index.php?rest_route=\/wp\/v2\/users\/1"}],"replies":[{"embeddable":true,"href":"https:\/\/www.aidabueno.com\/index.php?rest_route=%2Fwp%2Fv2%2Fcomments&post=395"}],"version-history":[{"count":34,"href":"https:\/\/www.aidabueno.com\/index.php?rest_route=\/wp\/v2\/pages\/395\/revisions"}],"predecessor-version":[{"id":438,"href":"https:\/\/www.aidabueno.com\/index.php?rest_route=\/wp\/v2\/pages\/395\/revisions\/438"}],"wp:attachment":[{"href":"https:\/\/www.aidabueno.com\/index.php?rest_route=%2Fwp%2Fv2%2Fmedia&parent=395"}],"curies":[{"name":"wp","href":"https:\/\/api.w.org\/{rel}","templated":true}]}}