                                                                                                                                                                                                                                                                                                                                                                                                                                                                   {"id":456,"date":"2024-03-14T18:48:14","date_gmt":"2024-03-14T18:48:14","guid":{"rendered":"https:\/\/www.aidabueno.com\/?page_id=456"},"modified":"2024-03-14T18:48:41","modified_gmt":"2024-03-14T18:48:41","slug":"metodo-aida","status":"publish","type":"page","link":"https:\/\/www.aidabueno.com\/?page_id=456","title":{"rendered":"M\u00e9todo AIDA"},"content":{"rendered":"\t\t<div data-elementor-type=\"wp-page\" data-elementor-id=\"456\" class=\"elementor elementor-456\" data-elementor-post-type=\"page\">\n\t\t\t\t<div class=\"elementor-element elementor-element-29f5a35f e-flex e-con-boxed e-con e-parent\" data-id=\"29f5a35f\" data-element_type=\"container\" id=\"libro\" data-settings=\"{&quot;background_background&quot;:&quot;classic&quot;}\" data-core-v316-plus=\"true\">\n\t\t\t\t\t<div class=\"e-con-inner\">\n\t\t<div class=\"elementor-element elementor-element-5c537f85 e-con-full e-flex e-con e-child\" data-id=\"5c537f85\" data-element_type=\"container\">\n\t\t\t\t<div class=\"elementor-element elementor-element-6dbe007e elementor-invisible elementor-widget elementor-widget-heading\" data-id=\"6dbe007e\" data-element_type=\"widget\" data-settings=\"{&quot;_animation&quot;:&quot;fadeIn&quot;,&quot;_animation_delay&quot;:200}\" data-widget_type=\"heading.default\">\n\t\t\t\t<div class=\"elementor-widget-container\">\n\t\t\t<style>\/*! elementor - v3.20.0 - 10-04-2024 *\/\n.elementor-heading-title{padding:0;margin:0;line-height:1}.elementor-widget-heading .elementor-heading-title[class*=elementor-size-]>a{color:inherit;font-size:inherit;line-height:inherit}.elementor-widget-heading .elementor-heading-title.elementor-size-small{font-size:15px}.elementor-widget-heading .elementor-heading-title.elementor-size-medium{font-size:19px}.elementor-widget-heading .elementor-heading-title.elementor-size-large{font-size:29px}.elementor-widget-heading .elementor-heading-title.elementor-size-xl{font-size:39px}.elementor-widget-heading .elementor-heading-title.elementor-size-xxl{font-size:59px}<\/style><h2 class=\"elementor-heading-title elementor-size-default\">Compra el libro<br>  <i> El M\u00e9todo AIDA <\/i><\/h2>\t\t<\/div>\n\t\t\t\t<\/div>\n\t\t\t\t<div class=\"elementor-element elementor-element-422e20d2 elementor-widget elementor-widget-text-editor\" data-id=\"422e20d2\" data-element_type=\"widget\" data-widget_type=\"text-editor.default\">\n\t\t\t\t<div class=\"elementor-widget-container\">\n\t\t\t<style>\/*! elementor - v3.20.0 - 10-04-2024 *\/\n.elementor-widget-text-editor.elementor-drop-cap-view-stacked .elementor-drop-cap{background-color:#69727d;color:#fff}.elementor-widget-text-editor.elementor-drop-cap-view-framed .elementor-drop-cap{color:#69727d;border:3px solid;background-color:transparent}.elementor-widget-text-editor:not(.elementor-drop-cap-view-default) .elementor-drop-cap{margin-top:8px}.elementor-widget-text-editor:not(.elementor-drop-cap-view-default) .elementor-drop-cap-letter{width:1em;height:1em}.elementor-widget-text-editor .elementor-drop-cap{float:left;text-align:center;line-height:1;font-size:50px}.elementor-widget-text-editor .elementor-drop-cap-letter{display:inline-block}<\/style>\t\t\t\t<p>En mi libro les propongo una estrategia para conseguir Abundancia a trav\u00e9s de la Innovaci\u00f3n, la Determinaci\u00f3n y la Acci\u00f3n.\u00a0<\/p><p>La simplicidad de este m\u00e9todo se basa en la plasticidad del cerebro y del coraz\u00f3n, en la capacidad de transformar nuestras creencias m\u00e1s \u00edntimas y nuestras vivencias m\u00e1s desesperanzadoras en un camino de ascenso hacia el \u00e9xito personal y empresarial.\u00a0<\/p>\t\t\t\t\t\t<\/div>\n\t\t\t\t<\/div>\n\t\t\t\t<div class=\"elementor-element elementor-element-695fe462 elementor-widget elementor-widget-button\" data-id=\"695fe462\" data-element_type=\"widget\" data-widget_type=\"button.default\">\n\t\t\t\t<div class=\"elementor-widget-container\">\n\t\t\t\t\t<div class=\"elementor-button-wrapper\">\n\t\t\t<a class=\"elementor-button elementor-button-link elementor-size-sm\" href=\"https:\/\/www.amazon.com.mx\/M%C3%A9todo-AIDA-para-negocio-vida\/dp\/6077581720\/ref=sr_1_1?__mk_es_MX=%C3%85M%C3%85%C5%BD%C3%95%C3%91&#038;crid=1TEA4BL0KN1E2&#038;dib=eyJ2IjoiMSJ9.TW_M3dTXvajOy1FzDJuKzenfQP7VSIDFtI-kQLFOZyTBRi5jSwCMS-P3uLzFO0CgNPQcfcNHQhjKyiSoWuRFp0dnVrbj7TJcjyPU6R1-vBTcCX5UfFYPJVHhXNuwHZEFrkWNLwRRCUgo6aWwJnqzJLzr5gRwpvaEKIjJvROPryEINj8l9-9umTmaoscXv2fGqA-Q8jyqEgIO_pWWe7IU2Hl0omYr9WOA2ToJ7dINysOY_nzkZYpGFzJ8pFvgQc2m0FezDDP__r1hKnjn8Z1vJ-c409fBTFi5i3bUjK77WcQ.V8Jwp2GVLLX6rXA7CY24pSK-hwSLXTS32uGm33PHlvY&#038;dib_tag=se&#038;keywords=metodo+aida&#038;qid=1710437731&#038;sprefix=metodo+aida%2Caps%2C88&#038;sr=8-1\" target=\"_blank\">\n\t\t\t\t\t\t<span class=\"elementor-button-content-wrapper\">\n\t\t\t\t\t\t<span class=\"elementor-button-text\">Compar el libro<\/span>\n\t\t<\/span>\n\t\t\t\t\t<\/a>\n\t\t<\/div>\n\t\t\t\t<\/div>\n\t\t\t\t<\/div>\n\t\t\t\t<\/div>\n\t\t<div class=\"elementor-element elementor-element-22d74e62 e-con-full e-flex e-con e-child\" data-id=\"22d74e62\" data-element_type=\"container\">\n\t\t\t\t<div class=\"elementor-element elementor-element-5ca24663 elementor-widget elementor-widget-image\" data-id=\"5ca24663\" data-element_type=\"widget\" data-widget_type=\"image.default\">\n\t\t\t\t<div class=\"elementor-widget-container\">\n\t\t\t<style>\/*! elementor - v3.20.0 - 10-04-2024 *\/\n.elementor-widget-image{text-align:center}.elementor-widget-image a{display:inline-block}.elementor-widget-image a img[src$=\".svg\"]{width:48px}.elementor-widget-image img{vertical-align:middle;display:inline-block}<\/style>\t\t\t\t\t\t\t\t\t\t\t<a href=\"https:\/\/www.amazon.com.mx\/M%C3%A9todo-AIDA-para-negocio-vida\/dp\/6077581720\/ref=sr_1_1?__mk_es_MX=%C3%85M%C3%85%C5%BD%C3%95%C3%91&#038;crid=1TEA4BL0KN1E2&#038;dib=eyJ2IjoiMSJ9.TW_M3dTXvajOy1FzDJuKzenfQP7VSIDFtI-kQLFOZyTBRi5jSwCMS-P3uLzFO0CgNPQcfcNHQhjKyiSoWuRFp0dnVrbj7TJcjyPU6R1-vBTcCX5UfFYPJVHhXNuwHZEFrkWNLwRRCUgo6aWwJnqzJLzr5gRwpvaEKIjJvROPryEINj8l9-9umTmaoscXv2fGqA-Q8jyqEgIO_pWWe7IU2Hl0omYr9WOA2ToJ7dINysOY_nzkZYpGFzJ8pFvgQc2m0FezDDP__r1hKnjn8Z1vJ-c409fBTFi5i3bUjK77WcQ.V8Jwp2GVLLX6rXA7CY24pSK-hwSLXTS32uGm33PHlvY&#038;dib_tag=se&#038;keywords=metodo+aida&#038;qid=1710437731&#038;sprefix=metodo+aida%2Caps%2C88&#038;sr=8-1\">\n\t\t\t\t\t\t\t<img decoding=\"async\" src=\"https:\/\/www.aidabueno.com\/web\/image\/1071-824a6be2\/WhatsApp%20Image%202022-05-31%20at%201.59.26%20PM%20%281%29.jpeg\" title=\"\" alt=\"\" loading=\"lazy\" \/>\t\t\t\t\t\t\t\t<\/a>\n\t\t\t\t\t\t\t\t\t\t\t\t\t<\/div>\n\t\t\t\t<\/div>\n\t\t\t\t<\/div>\n\t\t\t\t\t<\/div>\n\t\t\t\t<\/div>\n\t\t\t\t<\/div>\n\t\t","protected":false},"excerpt":{"rendered":"<p>Compra el libro El M\u00e9todo AIDA En mi libro les propongo una estrategia para conseguir Abundancia a trav\u00e9s de la Innovaci\u00f3n, la Determinaci\u00f3n y la Acci\u00f3n.\u00a0 La simplicidad de este m\u00e9todo se basa en la plasticidad del cerebro y del coraz\u00f3n, en la capacidad de transformar nuestras creencias m\u00e1s \u00edntimas y nuestras vivencias m\u00e1s desesperanzadoras [&hellip;]<\/p>\n","protected":false},"author":1,"featured_media":0,"parent":0,"menu_order":0,"comment_status":"closed","ping_status":"closed","template":"","meta":{"footnotes":""},"_links":{"self":[{"href":"https:\/\/www.aidabueno.com\/index.php?rest_route=\/wp\/v2\/pages\/456"}],"collection":[{"href":"https:\/\/www.aidabueno.com\/index.php?rest_route=\/wp\/v2\/pages"}],"about":[{"href":"https:\/\/www.aidabueno.com\/index.php?rest_route=\/wp\/v2\/types\/page"}],"author":[{"embeddable":true,"href":"https:\/\/www.aidabueno.com\/index.php?rest_route=\/wp\/v2\/users\/1"}],"replies":[{"embeddable":true,"href":"https:\/\/www.aidabueno.com\/index.php?rest_route=%2Fwp%2Fv2%2Fcomments&post=456"}],"version-history":[{"count":4,"href":"https:\/\/www.aidabueno.com\/index.php?rest_route=\/wp\/v2\/pages\/456\/revisions"}],"predecessor-version":[{"id":461,"href":"https:\/\/www.aidabueno.com\/index.php?rest_route=\/wp\/v2\/pages\/456\/revisions\/461"}],"wp:attachment":[{"href":"https:\/\/www.aidabueno.com\/index.php?rest_route=%2Fwp%2Fv2%2Fmedia&parent=456"}],"curies":[{"name":"wp","href":"https:\/\/api.w.org\/{rel}","templated":true}]}}